{"id":13506,"date":"2023-07-19T09:35:45","date_gmt":"2023-07-19T06:35:45","guid":{"rendered":"https:\/\/grindeks.pl\/?page_id=13506"},"modified":"2025-02-05T12:13:54","modified_gmt":"2025-02-05T09:13:54","slug":"grindeks-produkty","status":"publish","type":"page","link":"https:\/\/grindeks.pl\/pl\/produkty\/grindeks-produkty\/","title":{"rendered":"Produkty Grindeks"},"content":{"rendered":"\n<p>Portfolio produkt\u00f3w Grindeks, sprzedawane jest w ponad 100 krajach na ca\u0142ym \u015bwiecie. Sk\u0142ada si\u0119 ono z lek\u00f3w oryginalnych, produkt\u00f3w generycznych i substancji czynnych, produkowanych zgodnie ze \u015bwiatowymi wymogami bezpiecze\u0144stwa i jako\u015bci. Nasze g\u0142\u00f3wne obszary terapeutyczne to: kardiologia, neurologia, onkologia, diabetologia i dermatologia.<\/p>\n","protected":false},"excerpt":{"rendered":"<p>Portfolio produkt\u00f3w Grindeks, sprzedawane jest w ponad 100 krajach na ca\u0142ym \u015bwiecie. Sk\u0142ada si\u0119 ono z lek\u00f3w oryginalnych, produkt\u00f3w generycznych i substancji czynnych, produkowanych zgodnie&#8230;<\/p>\n","protected":false},"author":12,"featured_media":6601,"parent":13501,"menu_order":0,"comment_status":"closed","ping_status":"closed","template":"","meta":{"_acf_changed":false,"footnotes":""},"class_list":["post-13506","page","type-page","status-publish","has-post-thumbnail","hentry"],"acf":[],"_links":{"self":[{"href":"https:\/\/grindeks.pl\/pl\/wp-json\/wp\/v2\/pages\/13506","targetHints":{"allow":["GET"]}}],"collection":[{"href":"https:\/\/grindeks.pl\/pl\/wp-json\/wp\/v2\/pages"}],"about":[{"href":"https:\/\/grindeks.pl\/pl\/wp-json\/wp\/v2\/types\/page"}],"author":[{"embeddable":true,"href":"https:\/\/grindeks.pl\/pl\/wp-json\/wp\/v2\/users\/12"}],"replies":[{"embeddable":true,"href":"https:\/\/grindeks.pl\/pl\/wp-json\/wp\/v2\/comments?post=13506"}],"version-history":[{"count":1,"href":"https:\/\/grindeks.pl\/pl\/wp-json\/wp\/v2\/pages\/13506\/revisions"}],"predecessor-version":[{"id":13953,"href":"https:\/\/grindeks.pl\/pl\/wp-json\/wp\/v2\/pages\/13506\/revisions\/13953"}],"up":[{"embeddable":true,"href":"https:\/\/grindeks.pl\/pl\/wp-json\/wp\/v2\/pages\/13501"}],"wp:featuredmedia":[{"embeddable":true,"href":"https:\/\/grindeks.pl\/pl\/wp-json\/wp\/v2\/media\/6601"}],"wp:attachment":[{"href":"https:\/\/grindeks.pl\/pl\/wp-json\/wp\/v2\/media?parent=13506"}],"curies":[{"name":"wp","href":"https:\/\/api.w.org\/{rel}","templated":true}]}}