{"id":13504,"date":"2023-07-19T09:35:13","date_gmt":"2023-07-19T06:35:13","guid":{"rendered":"https:\/\/grindeks.pl\/?page_id=13504"},"modified":"2023-09-24T21:25:42","modified_gmt":"2023-09-24T18:25:42","slug":"kalceks-produkty","status":"publish","type":"page","link":"https:\/\/grindeks.pl\/pl\/produkty\/kalceks-produkty\/","title":{"rendered":"Produkty Kalceks"},"content":{"rendered":"\n<p>Kalceks specjalizuje si\u0119 w opracowywaniu i wytwarzaniu lek\u00f3w dla szerokiego zakresu grup terapeutycznych, mi\u0119dzy innymi s\u0105 to leki stosowane w neurologii, leki zwiotczaj\u0105ce, \u015brodki znieczulaj\u0105ce i przeciwb\u00f3lowe stosowane w lecznictwie zamkni\u0119tym, leki kardiologiczne i stosowane w chorobach metabolicznych. W ostatnich latach firma Kalceks poszerzy\u0142a asortyment o produkty innowacyjne, antybiotyki, leki onkologiczne oraz krople do oczu. Leki firmy Kalceks s\u0105 produkowane w ramach Grupy Grindeks na \u0141otwie, Estonii i S\u0142owacji, a tak\u017ce w innych zak\u0142adach produkcyjnych w Europie.<\/p>\n","protected":false},"excerpt":{"rendered":"<p>Kalceks specjalizuje si\u0119 w opracowywaniu i wytwarzaniu lek\u00f3w dla szerokiego zakresu grup terapeutycznych, mi\u0119dzy innymi s\u0105 to leki stosowane w neurologii, leki zwiotczaj\u0105ce, \u015brodki znieczulaj\u0105ce&#8230;<\/p>\n","protected":false},"author":12,"featured_media":6601,"parent":13501,"menu_order":0,"comment_status":"closed","ping_status":"closed","template":"","meta":{"_acf_changed":false,"footnotes":""},"class_list":["post-13504","page","type-page","status-publish","has-post-thumbnail","hentry"],"acf":[],"_links":{"self":[{"href":"https:\/\/grindeks.pl\/pl\/wp-json\/wp\/v2\/pages\/13504","targetHints":{"allow":["GET"]}}],"collection":[{"href":"https:\/\/grindeks.pl\/pl\/wp-json\/wp\/v2\/pages"}],"about":[{"href":"https:\/\/grindeks.pl\/pl\/wp-json\/wp\/v2\/types\/page"}],"author":[{"embeddable":true,"href":"https:\/\/grindeks.pl\/pl\/wp-json\/wp\/v2\/users\/12"}],"replies":[{"embeddable":true,"href":"https:\/\/grindeks.pl\/pl\/wp-json\/wp\/v2\/comments?post=13504"}],"version-history":[{"count":0,"href":"https:\/\/grindeks.pl\/pl\/wp-json\/wp\/v2\/pages\/13504\/revisions"}],"up":[{"embeddable":true,"href":"https:\/\/grindeks.pl\/pl\/wp-json\/wp\/v2\/pages\/13501"}],"wp:featuredmedia":[{"embeddable":true,"href":"https:\/\/grindeks.pl\/pl\/wp-json\/wp\/v2\/media\/6601"}],"wp:attachment":[{"href":"https:\/\/grindeks.pl\/pl\/wp-json\/wp\/v2\/media?parent=13504"}],"curies":[{"name":"wp","href":"https:\/\/api.w.org\/{rel}","templated":true}]}}