{"id":13501,"date":"2023-07-19T09:33:20","date_gmt":"2023-07-19T06:33:20","guid":{"rendered":"https:\/\/grindeks.pl\/?page_id=13501"},"modified":"2023-09-23T16:40:31","modified_gmt":"2023-09-23T13:40:31","slug":"produkty","status":"publish","type":"page","link":"https:\/\/grindeks.pl\/pl\/produkty\/","title":{"rendered":"Produkty"},"content":{"rendered":"\n<p>Portfolio produkt\u00f3w Grindeks-Kalceks, sprzedawane jest w ponad 100 krajach na ca\u0142ym \u015bwiecie. Sk\u0142ada si\u0119 ono z lek\u00f3w oryginalnych, produkt\u00f3w generycznych i substancji czynnych, produkowanych zgodnie ze \u015bwiatowymi wymogami bezpiecze\u0144stwa i jako\u015bci. Nasze g\u0142\u00f3wne obszary terapeutyczne to: kardiologia, neurologia, onkologia, diabetologia i dermatologia.<\/p>\n\n\n\n<figure class=\"wp-block-image size-full\"><a href=\"https:\/\/grindeks.pl\/pl\/produkty\/grindeks-produkty\/\"><img decoding=\"async\" width=\"800\" height=\"534\" src=\"https:\/\/grindeks.pl\/wp-content\/uploads\/2023\/08\/image.png\" alt=\"\" class=\"wp-image-13702\" title=\"\" srcset=\"https:\/\/grindeks.pl\/wp-content\/uploads\/2023\/08\/image.png 800w, https:\/\/grindeks.pl\/wp-content\/uploads\/2023\/08\/image-300x200.png 300w, https:\/\/grindeks.pl\/wp-content\/uploads\/2023\/08\/image-150x100.png 150w, https:\/\/grindeks.pl\/wp-content\/uploads\/2023\/08\/image-768x513.png 768w, https:\/\/grindeks.pl\/wp-content\/uploads\/2023\/08\/image-480x320.png 480w, https:\/\/grindeks.pl\/wp-content\/uploads\/2023\/08\/image-640x427.png 640w, https:\/\/grindeks.pl\/wp-content\/uploads\/2023\/08\/image-720x481.png 720w\" sizes=\"(max-width: 800px) 100vw, 800px\" \/><\/a><\/figure>\n","protected":false},"excerpt":{"rendered":"<p>Portfolio produkt\u00f3w Grindeks-Kalceks, sprzedawane jest w ponad 100 krajach na ca\u0142ym \u015bwiecie. Sk\u0142ada si\u0119 ono z lek\u00f3w oryginalnych, produkt\u00f3w generycznych i substancji czynnych, produkowanych zgodnie&#8230;<\/p>\n","protected":false},"author":12,"featured_media":6601,"parent":0,"menu_order":0,"comment_status":"closed","ping_status":"closed","template":"","meta":{"_acf_changed":false,"footnotes":""},"class_list":["post-13501","page","type-page","status-publish","has-post-thumbnail","hentry"],"acf":[],"_links":{"self":[{"href":"https:\/\/grindeks.pl\/pl\/wp-json\/wp\/v2\/pages\/13501","targetHints":{"allow":["GET"]}}],"collection":[{"href":"https:\/\/grindeks.pl\/pl\/wp-json\/wp\/v2\/pages"}],"about":[{"href":"https:\/\/grindeks.pl\/pl\/wp-json\/wp\/v2\/types\/page"}],"author":[{"embeddable":true,"href":"https:\/\/grindeks.pl\/pl\/wp-json\/wp\/v2\/users\/12"}],"replies":[{"embeddable":true,"href":"https:\/\/grindeks.pl\/pl\/wp-json\/wp\/v2\/comments?post=13501"}],"version-history":[{"count":0,"href":"https:\/\/grindeks.pl\/pl\/wp-json\/wp\/v2\/pages\/13501\/revisions"}],"wp:featuredmedia":[{"embeddable":true,"href":"https:\/\/grindeks.pl\/pl\/wp-json\/wp\/v2\/media\/6601"}],"wp:attachment":[{"href":"https:\/\/grindeks.pl\/pl\/wp-json\/wp\/v2\/media?parent=13501"}],"curies":[{"name":"wp","href":"https:\/\/api.w.org\/{rel}","templated":true}]}}