{"id":13462,"date":"2022-06-15T14:07:59","date_gmt":"2022-06-15T11:07:59","guid":{"rendered":"https:\/\/grindeks.pl\/home-page\/"},"modified":"2023-09-23T16:30:44","modified_gmt":"2023-09-23T13:30:44","slug":"home-page","status":"publish","type":"page","link":"https:\/\/grindeks.pl\/pl\/","title":{"rendered":"Strona g\u0142\u00f3wna"},"content":{"rendered":"\n<h2 class=\"wp-block-heading\">O nas<\/h2>\n\n\n\n<p>Grindeks jest wiod\u0105cym producentem farmaceutycznym dzia\u0142aj\u0105cym od 1946 roku w krajach ba\u0142tyckich, z siedzib\u0105 g\u0142\u00f3wn\u0105 w Rydze na \u0141otwie.<\/p>\n\n\n\n<p>Na przestrzeni lat zostali\u015bmy docenieni przez miliony pacjent\u00f3w na ca\u0142ym \u015bwiecie. Nasze produkty sprzedawane s\u0105 w 100 krajach na ca\u0142ym \u015bwiecie. Portfolio produkt\u00f3w Grindeks sk\u0142ada si\u0119 z produkt\u00f3w oryginalnych, generycznych oraz substancji czynnych, wytwarzanych zgodnie ze \u015bwiatowymi wymogami dotycz\u0105cymi bezpiecze\u0144stwa i jako\u015bci.<\/p>\n\n\n\n<p>Pomagamy ludziom przezwyci\u0119\u017cy\u0107 problemy zdrowotne, koncentruj\u0105c si\u0119 na lekach, kt\u00f3re lecz\u0105 choroby kardiologiczne, neurologiczne, onkologiczne, diabetologiczne i dermatologiczne. Naszym celem jest poprawa jako\u015bci \u017cycia ludzi i sprawienie, aby rozwi\u0105zania zdrowotne by\u0142y dost\u0119pne dla naszych pacjent\u00f3w.<\/p>\n\n\n\n<h2 class=\"wp-block-heading\">Grindeks Kalceks Polska<\/h2>\n\n\n\n<p>Przedstawicielstwo Grindeks Kalceks Polska sp.z.o.o. z siedzib\u0105 w Warszawie zosta\u0142o za\u0142o\u017cone w 2023 roku.<\/p>\n\n\n\n<p>Zdrowie ludzi jest naszym g\u0142\u00f3wnym celem, warto\u015bci\u0105 i podstawow\u0105 zasad\u0105.<\/p>\n\n\n\n<p>Oferujemy nasze leki pod dwiema markami &#8211; Grindeks i Kalceks; powodem jest to, \u017ce ka\u017cda z nich specjalizuje si\u0119 w innym segmencie klient\u00f3w.<\/p>\n\n\n\n<p>W portfolio przedstawicielstwa znajduj\u0105 si\u0119 produkty zar\u00f3wno z obszaru lecznictwa szpitalnego (m. in. produkty anestezjologiczne, onkologiczne, neurologiczne) jak i lecznictwa otwartego, g\u0142\u00f3wnie kardiologiczne, neurologiczne i gastroenterologiczne. W nast\u0119pnych latach planujemy powi\u0119kszy\u0107 nasz zesp\u00f3\u0142 i rozszerzy\u0107 zakres swojej dzia\u0142alno\u015bci o kolejne produkty wytwarzane zgodnie z najwy\u017cszymi standardami mi\u0119dzynarodowymi (EU GMP STANDARDS, ISO 14001) w Estonii, na S\u0142owacji i na \u0141otwie.<\/p>\n","protected":false},"excerpt":{"rendered":"<p>O nas Grindeks jest wiod\u0105cym producentem farmaceutycznym dzia\u0142aj\u0105cym od 1946 roku w krajach ba\u0142tyckich, z siedzib\u0105 g\u0142\u00f3wn\u0105 w Rydze na \u0141otwie. Na przestrzeni lat zostali\u015bmy&#8230;<\/p>\n","protected":false},"author":3,"featured_media":13464,"parent":0,"menu_order":0,"comment_status":"closed","ping_status":"closed","template":"","meta":{"_acf_changed":false,"footnotes":""},"class_list":["post-13462","page","type-page","status-publish","has-post-thumbnail","hentry"],"acf":[],"_links":{"self":[{"href":"https:\/\/grindeks.pl\/pl\/wp-json\/wp\/v2\/pages\/13462","targetHints":{"allow":["GET"]}}],"collection":[{"href":"https:\/\/grindeks.pl\/pl\/wp-json\/wp\/v2\/pages"}],"about":[{"href":"https:\/\/grindeks.pl\/pl\/wp-json\/wp\/v2\/types\/page"}],"author":[{"embeddable":true,"href":"https:\/\/grindeks.pl\/pl\/wp-json\/wp\/v2\/users\/3"}],"replies":[{"embeddable":true,"href":"https:\/\/grindeks.pl\/pl\/wp-json\/wp\/v2\/comments?post=13462"}],"version-history":[{"count":0,"href":"https:\/\/grindeks.pl\/pl\/wp-json\/wp\/v2\/pages\/13462\/revisions"}],"wp:featuredmedia":[{"embeddable":true,"href":"https:\/\/grindeks.pl\/pl\/wp-json\/wp\/v2\/media\/13464"}],"wp:attachment":[{"href":"https:\/\/grindeks.pl\/pl\/wp-json\/wp\/v2\/media?parent=13462"}],"curies":[{"name":"wp","href":"https:\/\/api.w.org\/{rel}","templated":true}]}}